{"id":477,"date":"2019-11-19T13:40:29","date_gmt":"2019-11-19T18:40:29","guid":{"rendered":"http:\/\/pietrosglutenfree.com\/home\/"},"modified":"2024-05-28T16:25:28","modified_gmt":"2024-05-28T20:25:28","slug":"home","status":"publish","type":"page","link":"https:\/\/pietrosglutenfree.com\/fr\/","title":{"rendered":"Accueil"},"content":{"rendered":"<div class=\"wpb-content-wrapper\"><p>[vc_row type=\u00a0\u00bbfull_width\u00a0\u00bb text_align=\u00a0\u00bbinherit\u00a0\u00bb el_class=\u00a0\u00bbhome-video\u00a0\u00bb css=\u00a0\u00bb.vc_custom_1712867542532{background-image: url(https:\/\/pietrosglutenfree.com\/wp-content\/uploads\/2024\/04\/pietros-header-bg.jpg?id=853) !important;}\u00a0\u00bb][vc_column][vc_column_text]<a href=\"#\">D\u00e9couvrez<\/a>[\/vc_column_text][\/vc_column][\/vc_row][vc_row type=\u00a0\u00bbfull_width\u00a0\u00bb text_align=\u00a0\u00bbinherit\u00a0\u00bb el_class=\u00a0\u00bbmodern-gluten-free-row\u00a0\u00bb][vc_column][vc_column_text]<\/p>\n<h1>Saveurs fra\u00eeches et traditionnelles de<br \/>\n<strong>l\u2019Italie avec une touche<br \/>\nsans gluten moderne<\/strong><\/h1>\n<p>[\/vc_column_text][vc_row_inner content_placement=\u00a0\u00bbbottom\u00a0\u00bb type=\u00a0\u00bbfull_width\u00a0\u00bb text_align=\u00a0\u00bbinherit\u00a0\u00bb][vc_column_inner width=\u00a0\u00bb1\/2&Prime;][vc_column_text el_class=\u00a0\u00bbmodern-gluten-free-text\u00a0\u00bb]Oubliez les bo\u00eetes de produits secs; nous livrons<br \/>\nnos p\u00e2tes fra\u00eeches sans gluten directement \u00e0 votre porte![\/vc_column_text][\/vc_column_inner][vc_column_inner width=\u00a0\u00bb1\/2&Prime;][vc_column_text el_class=\u00a0\u00bbmodern-gluten-free-link chevron-right\u00a0\u00bb]<a href=\"\/fr\/pasta\/spaghetti\/\">Voir nos p\u00e2tes<\/a>[\/vc_column_text][\/vc_column_inner][\/vc_row_inner][\/vc_column][\/vc_row][vc_row type=\u00a0\u00bbfull_width\u00a0\u00bb text_align=\u00a0\u00bbinherit\u00a0\u00bb el_class=\u00a0\u00bbbig-buttons-row\u00a0\u00bb][vc_column width=\u00a0\u00bb1\/2&Prime;]<div class=\"dist-shortcode-container wpb_content_element\">\t<a class=\"big-button big-button-cut\" href=\"https:\/\/pietrosglutenfree.com\/fr\/pasta\/spaghetti\/\">\n\t\t<div class=\"big-button-height\"><\/div>\n\t\t<div class=\"big-button-animation\">\n\t\t\t<div class=\"bba bba-init\"><\/div>\n\t\t\t<div class=\"bba bba1\"><div class=\"bba-inner\"><\/div><\/div>\n\t\t<\/div>\n\t\t<div class=\"big-button-animation-hover\">\n\t\t\t\t\t\t<div class=\"bba bba2\"><div class=\"bba-inner\"><\/div><\/div>\n\t\t\t\t\t\t<div class=\"bba bba3\"><div class=\"bba-inner\"><\/div><\/div>\n\t\t\t\t\t\t<div class=\"bba bba4\"><div class=\"bba-inner\"><\/div><\/div>\n\t\t\t\t\t\t<div class=\"bba bba5\"><div class=\"bba-inner\"><\/div><\/div>\n\t\t\t\t\t\t<div class=\"bba bba6\"><div class=\"bba-inner\"><\/div><\/div>\n\t\t\t\t\t\t<div class=\"bba bba7\"><div class=\"bba-inner\"><\/div><\/div>\n\t\t\t\t\t\t<div class=\"bba bba8\"><div class=\"bba-inner\"><\/div><\/div>\n\t\t\t\t\t\t<div class=\"bba bba9\"><div class=\"bba-inner\"><\/div><\/div>\n\t\t\t\t\t\t<div class=\"bba bba10\"><div class=\"bba-inner\"><\/div><\/div>\n\t\t\t\t\t\t<div class=\"bba bba11\"><div class=\"bba-inner\"><\/div><\/div>\n\t\t\t\t\t\t<div class=\"bba bba12\"><div class=\"bba-inner\"><\/div><\/div>\n\t\t\t\t\t\t<div class=\"bba bba13\"><div class=\"bba-inner\"><\/div><\/div>\n\t\t\t\t\t\t<div class=\"bba bba14\"><div class=\"bba-inner\"><\/div><\/div>\n\t\t\t\t\t\t<div class=\"bba bba15\"><div class=\"bba-inner\"><\/div><\/div>\n\t\t\t\t\t\t<div class=\"bba bba16\"><div class=\"bba-inner\"><\/div><\/div>\n\t\t\t\t\t\t<div class=\"bba bba17\"><div class=\"bba-inner\"><\/div><\/div>\n\t\t\t\t\t\t<div class=\"bba bba18\"><div class=\"bba-inner\"><\/div><\/div>\n\t\t\t\t\t\t<div class=\"bba bba19\"><div class=\"bba-inner\"><\/div><\/div>\n\t\t\t\t\t\t<div class=\"bba bba20\"><div class=\"bba-inner\"><\/div><\/div>\n\t\t\t\t\t\t<div class=\"bba bba21\"><div class=\"bba-inner\"><\/div><\/div>\n\t\t\t\t\t<\/div>\n\t\t<div class=\"big-button-content\">\n\t\t\t<div class=\"display-table\">\n\t\t\t\t<div class=\"display-cell\">\n\t\t\t\t\t<h3 class=\"h2\"><span class=\"big-button-title\">P\u00e2tes courtes<\/span><\/h3>\n\t\t\t\t<\/div>\n\t\t\t<\/div>\n\t\t<\/div>\n\t<\/a>\n\t<\/div>[\/vc_column][vc_column width=\u00a0\u00bb1\/2&Prime;]<div class=\"dist-shortcode-container wpb_content_element\">\t<a class=\"big-button big-button-stuffed\" href=\"https:\/\/pietrosglutenfree.com\/fr\/pasta\/tortellinis-au-fromage-sans-gluten\/\">\n\t\t<div class=\"big-button-height\"><\/div>\n\t\t<div class=\"big-button-animation\">\n\t\t\t<div class=\"bba bba-init\"><\/div>\n\t\t<\/div>\n\t\t<div class=\"big-button-animation-hover\">\n\t\t\t\t\t\t<div class=\"bba bba1\"><div class=\"bba-inner\"><\/div><\/div>\n\t\t\t\t\t\t<div class=\"bba bba2\"><div class=\"bba-inner\"><\/div><\/div>\n\t\t\t\t\t\t<div class=\"bba bba3\"><div class=\"bba-inner\"><\/div><\/div>\n\t\t\t\t\t\t<div class=\"bba bba4\"><div class=\"bba-inner\"><\/div><\/div>\n\t\t\t\t\t\t<div class=\"bba bba5\"><div class=\"bba-inner\"><\/div><\/div>\n\t\t\t\t\t\t<div class=\"bba bba6\"><div class=\"bba-inner\"><\/div><\/div>\n\t\t\t\t\t\t<div class=\"bba bba7\"><div class=\"bba-inner\"><\/div><\/div>\n\t\t\t\t\t\t<div class=\"bba bba8\"><div class=\"bba-inner\"><\/div><\/div>\n\t\t\t\t\t\t<div class=\"bba bba9\"><div class=\"bba-inner\"><\/div><\/div>\n\t\t\t\t\t\t<div class=\"bba bba10\"><div class=\"bba-inner\"><\/div><\/div>\n\t\t\t\t\t\t<div class=\"bba bba11\"><div class=\"bba-inner\"><\/div><\/div>\n\t\t\t\t\t\t<div class=\"bba bba12\"><div class=\"bba-inner\"><\/div><\/div>\n\t\t\t\t\t\t<div class=\"bba bba13\"><div class=\"bba-inner\"><\/div><\/div>\n\t\t\t\t\t\t<div class=\"bba bba14\"><div class=\"bba-inner\"><\/div><\/div>\n\t\t\t\t\t\t<div class=\"bba bba15\"><div class=\"bba-inner\"><\/div><\/div>\n\t\t\t\t\t\t<div class=\"bba bba16\"><div class=\"bba-inner\"><\/div><\/div>\n\t\t\t\t\t\t<div class=\"bba bba17\"><div class=\"bba-inner\"><\/div><\/div>\n\t\t\t\t\t\t<div class=\"bba bba18\"><div class=\"bba-inner\"><\/div><\/div>\n\t\t\t\t\t\t<div class=\"bba bba19\"><div class=\"bba-inner\"><\/div><\/div>\n\t\t\t\t\t\t<div class=\"bba bba20\"><div class=\"bba-inner\"><\/div><\/div>\n\t\t\t\t\t\t<div class=\"bba bba21\"><div class=\"bba-inner\"><\/div><\/div>\n\t\t\t\t\t\t<div class=\"bba bba22\"><div class=\"bba-inner\"><\/div><\/div>\n\t\t\t\t\t\t<div class=\"bba bba23\"><div class=\"bba-inner\"><\/div><\/div>\n\t\t\t\t\t\t<div class=\"bba bba24\"><div class=\"bba-inner\"><\/div><\/div>\n\t\t\t\t\t<\/div>\n\t\t<div class=\"big-button-content\">\n\t\t\t<div class=\"display-table\">\n\t\t\t\t<div class=\"display-cell\">\n\t\t\t\t\t<h3 class=\"h2\"><span class=\"big-button-title\">P\u00e2tes farcies<\/span><\/h3>\n\t\t\t\t<\/div>\n\t\t\t<\/div>\n\t\t<\/div>\n\t<\/a>\n\t<\/div>[\/vc_column][\/vc_row][vc_row content_placement=\u00a0\u00bbmiddle\u00a0\u00bb type=\u00a0\u00bbfull_width\u00a0\u00bb text_align=\u00a0\u00bbinherit\u00a0\u00bb el_class=\u00a0\u00bbgluten-free-standard-row\u00a0\u00bb][vc_column width=\u00a0\u00bb1\/3&Prime;][vc_single_image image=\u00a0\u00bb76&Prime; img_size=\u00a0\u00bbfull\u00a0\u00bb alignment=\u00a0\u00bbcenter\u00a0\u00bb][\/vc_column][vc_column width=\u00a0\u00bb2\/3&Prime; el_class=\u00a0\u00bbgluten-free-standard-text-col\u00a0\u00bb][vc_column_text]<\/p>\n<h2>Exigences en mati\u00e8re d\u2019aliments sans gluten de niveau sup\u00e9rieur.<\/h2>\n<p>[\/vc_column_text][vc_column_text]Soucieux d\u2019offrir une alternative s\u00e9curitaire et d\u00e9licieuse aux p\u00e2tes traditionnelles, nous jumelons ingr\u00e9dients sans gluten de qualit\u00e9 et influence italienne.<\/p>\n<p><strong>Les p\u00e2tes Pietro\u2019s sans gluten sont faites de A \u00e0 Z dans un \u00e9tablissement sans gluten certifi\u00e9\u2122<\/strong>[\/vc_column_text][vc_single_image image=\u00a0\u00bb641&Prime; img_size=\u00a0\u00bbfull\u00a0\u00bb][vc_column_text el_class=\u00a0\u00bbchevron-right\u00a0\u00bb]<a href=\"\/fr\/notre-procede\/\">Notre proc\u00e9d\u00e9<\/a>[\/vc_column_text][\/vc_column][\/vc_row]<\/p>\n<\/div>","protected":false},"excerpt":{"rendered":"<p>[vc_row type=\u00a0\u00bbfull_width\u00a0\u00bb text_align=\u00a0\u00bbinherit\u00a0\u00bb el_class=\u00a0\u00bbhome-video\u00a0\u00bb css=\u00a0\u00bb.vc_custom_1712867542532{background-image: url(https:\/\/pietrosglutenfree.com\/wp-content\/uploads\/2024\/04\/pietros-header-bg.jpg?id=853) !important;}\u00a0\u00bb][vc_column][vc_column_text]D\u00e9couvrez[\/vc_column_text][\/vc_column][\/vc_row][vc_row type=\u00a0\u00bbfull_width\u00a0\u00bb text_align=\u00a0\u00bbinherit\u00a0\u00bb el_class=\u00a0\u00bbmodern-gluten-free-row\u00a0\u00bb][vc_column][vc_column_text] Saveurs fra\u00eeches et traditionnelles de l\u2019Italie avec une touche sans gluten moderne [\/vc_column_text][vc_row_inner content_placement=\u00a0\u00bbbottom\u00a0\u00bb type=\u00a0\u00bbfull_width\u00a0\u00bb text_align=\u00a0\u00bbinherit\u00a0\u00bb][vc_column_inner width=\u00a0\u00bb1\/2&Prime;][vc_column_text el_class=\u00a0\u00bbmodern-gluten-free-text\u00a0\u00bb]Oubliez les bo\u00eetes de produits secs; nous livrons nos p\u00e2tes fra\u00eeches sans gluten directement \u00e0 votre porte![\/vc_column_text][\/vc_column_inner][vc_column_inner width=\u00a0\u00bb1\/2&Prime;][vc_column_text el_class=\u00a0\u00bbmodern-gluten-free-link chevron-right\u00a0\u00bb]Voir nos p\u00e2tes[\/vc_column_text][\/vc_column_inner][\/vc_row_inner][\/vc_column][\/vc_row][vc_row type=\u00a0\u00bbfull_width\u00a0\u00bb text_align=\u00a0\u00bbinherit\u00a0\u00bb el_class=\u00a0\u00bbbig-buttons-row\u00a0\u00bb][vc_column width=\u00a0\u00bb1\/2&Prime;][\/vc_column][vc_column width=\u00a0\u00bb1\/2&Prime;][\/vc_column][\/vc_row][vc_row content_placement=\u00a0\u00bbmiddle\u00a0\u00bb [&hellip;]<\/p>\n","protected":false},"author":1,"featured_media":0,"parent":0,"menu_order":0,"comment_status":"closed","ping_status":"closed","template":"","meta":{"_acf_changed":false,"_seopress_robots_primary_cat":"0","_seopress_titles_title":"Pietro&#039;s P\u00e2tes Fra\u00eeches Sans Gluten | Vente en Ligne de P\u00e2tes Fra\u00eeches","_seopress_titles_desc":"P\u00e2tes fra\u00eeches \u00e0 saveurs traditionnelles de l&#039;Italie avec une touche sans gluten moderne, livr\u00e9es directement \u00e0 votre porte. Commandez vos p\u00e2tes en ligne!","_seopress_robots_index":"","footnotes":""},"class_list":["post-477","page","type-page","status-publish","hentry"],"acf":[],"_links":{"self":[{"href":"https:\/\/pietrosglutenfree.com\/fr\/wp-json\/wp\/v2\/pages\/477","targetHints":{"allow":["GET"]}}],"collection":[{"href":"https:\/\/pietrosglutenfree.com\/fr\/wp-json\/wp\/v2\/pages"}],"about":[{"href":"https:\/\/pietrosglutenfree.com\/fr\/wp-json\/wp\/v2\/types\/page"}],"author":[{"embeddable":true,"href":"https:\/\/pietrosglutenfree.com\/fr\/wp-json\/wp\/v2\/users\/1"}],"replies":[{"embeddable":true,"href":"https:\/\/pietrosglutenfree.com\/fr\/wp-json\/wp\/v2\/comments?post=477"}],"version-history":[{"count":13,"href":"https:\/\/pietrosglutenfree.com\/fr\/wp-json\/wp\/v2\/pages\/477\/revisions"}],"predecessor-version":[{"id":862,"href":"https:\/\/pietrosglutenfree.com\/fr\/wp-json\/wp\/v2\/pages\/477\/revisions\/862"}],"wp:attachment":[{"href":"https:\/\/pietrosglutenfree.com\/fr\/wp-json\/wp\/v2\/media?parent=477"}],"curies":[{"name":"wp","href":"https:\/\/api.w.org\/{rel}","templated":true}]}}