{"id":485,"date":"2019-11-21T10:11:37","date_gmt":"2019-11-21T15:11:37","guid":{"rendered":"http:\/\/pietrosglutenfree.com\/our-process\/"},"modified":"2024-05-28T20:26:24","modified_gmt":"2024-05-29T00:26:24","slug":"notre-procede","status":"publish","type":"page","link":"https:\/\/pietrosglutenfree.com\/fr\/notre-procede\/","title":{"rendered":"Notre proc\u00e9d\u00e9"},"content":{"rendered":"<div class=\"wpb-content-wrapper\"><p>[vc_row type=\u00a0\u00bbfull_width\u00a0\u00bb text_align=\u00a0\u00bbinherit\u00a0\u00bb video_file_bg=\u00a0\u00bbtrue\u00a0\u00bb el_class=\u00a0\u00bbhome-video\u00a0\u00bb video_webm=\u00a0\u00bbhttp:\/\/pietrosglutenfree.com\/wp-content\/themes\/distantheme-child\/video\/our-process.webm\u00a0\u00bb video_mp4=\u00a0\u00bbhttp:\/\/pietrosglutenfree.com\/wp-content\/themes\/distantheme-child\/video\/our-process.mp4&Prime; video_ogg=\u00a0\u00bbhttp:\/\/pietrosglutenfree.com\/wp-content\/themes\/distantheme-child\/video\/our-process.ogv\u00a0\u00bb video_image=\u00a0\u00bb41&Prime;][vc_column][vc_column_text]<a href=\"#\">Discover<\/a>[\/vc_column_text][\/vc_column][\/vc_row][vc_row type=\u00a0\u00bbfull_width\u00a0\u00bb text_align=\u00a0\u00bbinherit\u00a0\u00bb el_class=\u00a0\u00bbunique-process-row\u00a0\u00bb][vc_column][vc_column_text]<\/p>\n<h1>Nous fabriquons des p\u00e2tes fra\u00eeches sans gluten gr\u00e2ce \u00e0 notre proc\u00e9d\u00e9 unique.<\/h1>\n<p>[\/vc_column_text][\/vc_column][\/vc_row][vc_row content_placement=\u00a0\u00bbmiddle\u00a0\u00bb type=\u00a0\u00bbin_grid\u00a0\u00bb text_align=\u00a0\u00bbinherit\u00a0\u00bb el_class=\u00a0\u00bbcalculated-unique-pasta-row\u00a0\u00bb][vc_column width=\u00a0\u00bb1\/2&Prime;][vc_column_text]<\/p>\n<h2>Un processus de fabrication de p\u00e2tes calcul\u00e9 et unique.<\/h2>\n<p>[\/vc_column_text][vc_column_text]Apr\u00e8s de nombreux essais et tests de go\u00fbt, nous avons perfectionn\u00e9 notre proc\u00e9dure de fabrication de p\u00e2tes sans gluten. Le bon \u00e9quilibre du temps de m\u00e9lange, de cuisson et de s\u00e9chage, des gaz et du refroidissement. Tout est minut\u00e9 et pratiqu\u00e9 pour garantir que vous receviez les meilleures p\u00e2tes sans gluten du march\u00e9, faites fra\u00eeches sur commande \u00e0 chaque fois.[\/vc_column_text][\/vc_column][vc_column width=\u00a0\u00bb1\/2&Prime;][vc_single_image image=\u00a0\u00bb147&Prime; img_size=\u00a0\u00bbfull\u00a0\u00bb alignment=\u00a0\u00bbcenter\u00a0\u00bb][\/vc_column][\/vc_row][vc_row type=\u00a0\u00bbin_grid\u00a0\u00bb text_align=\u00a0\u00bbinherit\u00a0\u00bb el_class=\u00a0\u00bbgluten-free-row\u00a0\u00bb][vc_column width=\u00a0\u00bb1\/2&Prime;][vc_column_text]<\/p>\n<h2>Farine de riz sans gluten, eau, \u0153ufs et sel.<\/h2>\n<p>[\/vc_column_text][\/vc_column][vc_column width=\u00a0\u00bb1\/2&Prime;][vc_column_text]Des ingr\u00e9dients frais et simples signifient que vous n&rsquo;avez pas \u00e0 vous soucier de ce qui entre dans vos p\u00e2tes. Nous utilisons des ingr\u00e9dients simples et r\u00e9els et les m\u00e9langeons \u00e0 la mani\u00e8re italienne traditionnelle. Cette recette \u00e9prouv\u00e9e donne des p\u00e2tes d\u00e9licieuses, toujours savoureuses, qui peuvent \u00eatre cuites en seulement 2 \u00e0 3 minutes et appr\u00e9ci\u00e9es avec une sauce de votre choix.[\/vc_column_text][\/vc_column][\/vc_row][vc_row type=\u00a0\u00bbin_grid\u00a0\u00bb text_align=\u00a0\u00bbinherit\u00a0\u00bb el_class=\u00a0\u00bbfresh-ingredients-row\u00a0\u00bb][vc_column width=\u00a0\u00bb5\/12&Prime;][vc_single_image image=\u00a0\u00bb206&Prime; img_size=\u00a0\u00bbfull\u00a0\u00bb][\/vc_column][vc_column width=\u00a0\u00bb7\/12&Prime;][vc_column_text]<\/p>\n<h2>Ingr\u00e9dients frais pour assurer qualit\u00e9 et constance.<\/h2>\n<p>[\/vc_column_text][vc_column_text]Apr\u00e8s de nombreux essais et tests de go\u00fbt, nous avons perfectionn\u00e9 notre proc\u00e9d\u00e9 de fabrication de p\u00e2tes sans gluten. Le bon \u00e9quilibre du temps de m\u00e9lange, de cuisson et de s\u00e9chage, des gaz et du refroidissement. Tout est minut\u00e9 et pratiqu\u00e9 pour garantir que vous receviez les meilleures p\u00e2tes sans gluten du march\u00e9, faites fra\u00eeches sur commande \u00e0 chaque fois.[\/vc_column_text][\/vc_column][\/vc_row][vc_row type=\u00a0\u00bbin_grid\u00a0\u00bb text_align=\u00a0\u00bbinherit\u00a0\u00bb el_class=\u00a0\u00bbgluten-free-dedicated-facility-row\u00a0\u00bb][vc_column width=\u00a0\u00bb1\/2&Prime;][vc_column_text]<\/p>\n<h2>Fabriqu\u00e9 dans une installation d\u00e9di\u00e9e sans gluten, du d\u00e9but \u00e0 la fin.<\/h2>\n<p>[\/vc_column_text][\/vc_column][vc_column width=\u00a0\u00bb1\/2&Prime;][vc_column_text]Nous fabriquons toutes nos p\u00e2tes dans une installation certifi\u00e9e sans gluten, pour garantir qu&rsquo;aucune contamination ne puisse se produire et que vos p\u00e2tes soient faites exactement selon vos besoins, que vous soyez intol\u00e9rant au gluten ou c\u0153liaque. Notre personnel est tenu de porter des tenues sp\u00e9ciales qui restent dans un environnement sans gluten et nos machines ont toutes \u00e9t\u00e9 achet\u00e9es neuves sp\u00e9cialement pour notre ligne de produits sans gluten et sont utilis\u00e9es exclusivement pour les p\u00e2tes sans gluten.[\/vc_column_text][\/vc_column][\/vc_row][vc_row type=\u00a0\u00bbfull_width\u00a0\u00bb text_align=\u00a0\u00bbinherit\u00a0\u00bb el_class=\u00a0\u00bbfresh-italian-taste-img-row\u00a0\u00bb][vc_column][vc_single_image image=\u00a0\u00bb225&Prime; img_size=\u00a0\u00bbfull\u00a0\u00bb alignment=\u00a0\u00bbcenter\u00a0\u00bb][\/vc_column][\/vc_row][vc_row type=\u00a0\u00bbin_grid\u00a0\u00bb text_align=\u00a0\u00bbinherit\u00a0\u00bb el_class=\u00a0\u00bbfresh-italian-taste-row\u00a0\u00bb][vc_column width=\u00a0\u00bb7\/12&Prime;][vc_column_text]<\/p>\n<h2>Go\u00fbt italien frais traditionnel, touche moderne sans gluten.<\/h2>\n<p>[\/vc_column_text][\/vc_column][vc_column width=\u00a0\u00bb5\/12&Prime;][vc_column_text]Des p\u00e2tes fra\u00eeches sans gluten livr\u00e9es \u00e0 votre porte pour vous sauver des produits secs en bo\u00eete. Commandez en ligne et inscrivez-vous \u00e0 notre newsletter pour des r\u00e9ductions exclusives, des promotions et un acc\u00e8s prioritaire \u00e0 nos derni\u00e8res saveurs.[\/vc_column_text][vc_column_text el_class=\u00a0\u00bbchevron-right\u00a0\u00bb]<a href=\"\/fr\/pasta\/spaghetti\/\">shop now<\/a>[\/vc_column_text][\/vc_column][\/vc_row]<\/p>\n<\/div>","protected":false},"excerpt":{"rendered":"<p>[vc_row type=\u00a0\u00bbfull_width\u00a0\u00bb text_align=\u00a0\u00bbinherit\u00a0\u00bb video_file_bg=\u00a0\u00bbtrue\u00a0\u00bb el_class=\u00a0\u00bbhome-video\u00a0\u00bb video_webm=\u00a0\u00bbhttp:\/\/pietrosglutenfree.com\/wp-content\/themes\/distantheme-child\/video\/our-process.webm\u00a0\u00bb video_mp4=\u00a0\u00bbhttp:\/\/pietrosglutenfree.com\/wp-content\/themes\/distantheme-child\/video\/our-process.mp4&Prime; video_ogg=\u00a0\u00bbhttp:\/\/pietrosglutenfree.com\/wp-content\/themes\/distantheme-child\/video\/our-process.ogv\u00a0\u00bb video_image=\u00a0\u00bb41&Prime;][vc_column][vc_column_text]Discover[\/vc_column_text][\/vc_column][\/vc_row][vc_row type=\u00a0\u00bbfull_width\u00a0\u00bb text_align=\u00a0\u00bbinherit\u00a0\u00bb el_class=\u00a0\u00bbunique-process-row\u00a0\u00bb][vc_column][vc_column_text] Nous fabriquons des p\u00e2tes fra\u00eeches sans gluten gr\u00e2ce \u00e0 notre proc\u00e9d\u00e9 unique. [\/vc_column_text][\/vc_column][\/vc_row][vc_row content_placement=\u00a0\u00bbmiddle\u00a0\u00bb type=\u00a0\u00bbin_grid\u00a0\u00bb text_align=\u00a0\u00bbinherit\u00a0\u00bb el_class=\u00a0\u00bbcalculated-unique-pasta-row\u00a0\u00bb][vc_column width=\u00a0\u00bb1\/2&Prime;][vc_column_text] Un processus de fabrication de p\u00e2tes calcul\u00e9 et unique. [\/vc_column_text][vc_column_text]Apr\u00e8s de nombreux essais et tests de go\u00fbt, nous avons perfectionn\u00e9 notre proc\u00e9dure de fabrication de [&hellip;]<\/p>\n","protected":false},"author":1,"featured_media":0,"parent":0,"menu_order":0,"comment_status":"closed","ping_status":"closed","template":"","meta":{"_acf_changed":false,"_seopress_robots_primary_cat":"0","_seopress_titles_title":"Notre proc\u00e9d\u00e9 de cr\u00e9ation de p\u00e2tes | Pietro&#039;s P\u00e2tes Fra\u00eeches Sans Gluten","_seopress_titles_desc":"D\u00e9couvrez notre proc\u00e9d\u00e9 unique de fabrication de p\u00e2tes sans gluten chez Pietro&#039;s, garantissant qualit\u00e9, fra\u00eecheur et go\u00fbt authentique italien.","_seopress_robots_index":"","footnotes":""},"class_list":["post-485","page","type-page","status-publish","hentry"],"acf":[],"_links":{"self":[{"href":"https:\/\/pietrosglutenfree.com\/fr\/wp-json\/wp\/v2\/pages\/485","targetHints":{"allow":["GET"]}}],"collection":[{"href":"https:\/\/pietrosglutenfree.com\/fr\/wp-json\/wp\/v2\/pages"}],"about":[{"href":"https:\/\/pietrosglutenfree.com\/fr\/wp-json\/wp\/v2\/types\/page"}],"author":[{"embeddable":true,"href":"https:\/\/pietrosglutenfree.com\/fr\/wp-json\/wp\/v2\/users\/1"}],"replies":[{"embeddable":true,"href":"https:\/\/pietrosglutenfree.com\/fr\/wp-json\/wp\/v2\/comments?post=485"}],"version-history":[{"count":9,"href":"https:\/\/pietrosglutenfree.com\/fr\/wp-json\/wp\/v2\/pages\/485\/revisions"}],"predecessor-version":[{"id":873,"href":"https:\/\/pietrosglutenfree.com\/fr\/wp-json\/wp\/v2\/pages\/485\/revisions\/873"}],"wp:attachment":[{"href":"https:\/\/pietrosglutenfree.com\/fr\/wp-json\/wp\/v2\/media?parent=485"}],"curies":[{"name":"wp","href":"https:\/\/api.w.org\/{rel}","templated":true}]}}