{"id":502,"date":"2019-12-12T11:07:51","date_gmt":"2019-12-12T16:07:51","guid":{"rendered":"http:\/\/pietrosglutenfree.com\/my-account-2\/"},"modified":"2020-02-14T15:11:58","modified_gmt":"2020-02-14T20:11:58","slug":"mon-compte","status":"publish","type":"page","link":"https:\/\/pietrosglutenfree.com\/fr\/mon-compte\/","title":{"rendered":"Mon compte"},"content":{"rendered":"<div class=\"woocommerce\"><\/div>\n","protected":false},"excerpt":{"rendered":"","protected":false},"author":1,"featured_media":0,"parent":0,"menu_order":0,"comment_status":"closed","ping_status":"closed","template":"","meta":{"_acf_changed":false,"_seopress_robots_primary_cat":"0","_seopress_titles_title":"Mon compte | Pietro&#039;s P\u00e2tes Fra\u00eeches Sans Gluten","_seopress_titles_desc":"P\u00e2tes fra\u00eeches \u00e0 saveurs traditionnelles de l&#039;Italie avec une touche sans gluten moderne, livr\u00e9es directement \u00e0 votre porte. Commandez vos p\u00e2tes en ligne!","_seopress_robots_index":"","footnotes":""},"class_list":["post-502","page","type-page","status-publish","hentry"],"acf":[],"_links":{"self":[{"href":"https:\/\/pietrosglutenfree.com\/fr\/wp-json\/wp\/v2\/pages\/502","targetHints":{"allow":["GET"]}}],"collection":[{"href":"https:\/\/pietrosglutenfree.com\/fr\/wp-json\/wp\/v2\/pages"}],"about":[{"href":"https:\/\/pietrosglutenfree.com\/fr\/wp-json\/wp\/v2\/types\/page"}],"author":[{"embeddable":true,"href":"https:\/\/pietrosglutenfree.com\/fr\/wp-json\/wp\/v2\/users\/1"}],"replies":[{"embeddable":true,"href":"https:\/\/pietrosglutenfree.com\/fr\/wp-json\/wp\/v2\/comments?post=502"}],"version-history":[{"count":2,"href":"https:\/\/pietrosglutenfree.com\/fr\/wp-json\/wp\/v2\/pages\/502\/revisions"}],"predecessor-version":[{"id":560,"href":"https:\/\/pietrosglutenfree.com\/fr\/wp-json\/wp\/v2\/pages\/502\/revisions\/560"}],"wp:attachment":[{"href":"https:\/\/pietrosglutenfree.com\/fr\/wp-json\/wp\/v2\/media?parent=502"}],"curies":[{"name":"wp","href":"https:\/\/api.w.org\/{rel}","templated":true}]}}