{"id":527,"date":"2019-11-20T15:26:01","date_gmt":"2019-11-20T20:26:01","guid":{"rendered":"http:\/\/pietrosglutenfree.com\/my-cart\/"},"modified":"2021-06-09T16:24:17","modified_gmt":"2021-06-09T20:24:17","slug":"mon-panier","status":"publish","type":"page","link":"https:\/\/pietrosglutenfree.com\/fr\/mon-panier\/","title":{"rendered":"Mon panier"},"content":{"rendered":"<div class=\"wpb-content-wrapper\"><p>[vc_row type=\u00a0\u00bbin_grid\u00a0\u00bb el_class=\u00a0\u00bbwoocommerce-title-row\u00a0\u00bb][vc_column][vc_column_text el_class=\u00a0\u00bbwoocommerce-title\u00a0\u00bb]<\/p>\n<h2>My panier.<\/h2>\n<p>[\/vc_column_text][vc_column_text el_class=\u00a0\u00bbwoocommerce-subtitle\u00a0\u00bb]V\u00e9rifiez votre commande avant de passer \u00e0 la caisse.[\/vc_column_text][\/vc_column][\/vc_row][vc_row type=\u00a0\u00bbfull_width\u00a0\u00bb][vc_column][vc_column_text][\/vc_column_text][\/vc_column][\/vc_row]<\/p>\n<\/div>","protected":false},"excerpt":{"rendered":"<p>[vc_row type=\u00a0\u00bbin_grid\u00a0\u00bb el_class=\u00a0\u00bbwoocommerce-title-row\u00a0\u00bb][vc_column][vc_column_text el_class=\u00a0\u00bbwoocommerce-title\u00a0\u00bb] My panier. [\/vc_column_text][vc_column_text el_class=\u00a0\u00bbwoocommerce-subtitle\u00a0\u00bb]V\u00e9rifiez votre commande avant de passer \u00e0 la caisse.[\/vc_column_text][\/vc_column][\/vc_row][vc_row type=\u00a0\u00bbfull_width\u00a0\u00bb][vc_column][vc_column_text][\/vc_column_text][\/vc_column][\/vc_row]<\/p>\n","protected":false},"author":1,"featured_media":0,"parent":0,"menu_order":0,"comment_status":"closed","ping_status":"closed","template":"","meta":{"_acf_changed":false,"_seopress_robots_primary_cat":"0","_seopress_titles_title":"Mon panier | Pietro&#039;s P\u00e2tes Fra\u00eeches Sans Gluten","_seopress_titles_desc":"P\u00e2tes fra\u00eeches \u00e0 saveurs traditionnelles de l&#039;Italie avec une touche sans gluten moderne, livr\u00e9es directement \u00e0 votre porte. Commandez vos p\u00e2tes en ligne!","_seopress_robots_index":"","footnotes":""},"class_list":["post-527","page","type-page","status-publish","hentry"],"acf":[],"_links":{"self":[{"href":"https:\/\/pietrosglutenfree.com\/fr\/wp-json\/wp\/v2\/pages\/527","targetHints":{"allow":["GET"]}}],"collection":[{"href":"https:\/\/pietrosglutenfree.com\/fr\/wp-json\/wp\/v2\/pages"}],"about":[{"href":"https:\/\/pietrosglutenfree.com\/fr\/wp-json\/wp\/v2\/types\/page"}],"author":[{"embeddable":true,"href":"https:\/\/pietrosglutenfree.com\/fr\/wp-json\/wp\/v2\/users\/1"}],"replies":[{"embeddable":true,"href":"https:\/\/pietrosglutenfree.com\/fr\/wp-json\/wp\/v2\/comments?post=527"}],"version-history":[{"count":3,"href":"https:\/\/pietrosglutenfree.com\/fr\/wp-json\/wp\/v2\/pages\/527\/revisions"}],"predecessor-version":[{"id":657,"href":"https:\/\/pietrosglutenfree.com\/fr\/wp-json\/wp\/v2\/pages\/527\/revisions\/657"}],"wp:attachment":[{"href":"https:\/\/pietrosglutenfree.com\/fr\/wp-json\/wp\/v2\/media?parent=527"}],"curies":[{"name":"wp","href":"https:\/\/api.w.org\/{rel}","templated":true}]}}