{"id":546,"date":"2019-12-12T15:03:45","date_gmt":"2019-12-12T20:03:45","guid":{"rendered":"http:\/\/pietrosglutenfree.com\/terms-and-conditions\/"},"modified":"2024-05-28T22:02:12","modified_gmt":"2024-05-29T02:02:12","slug":"termes-et-conditions","status":"publish","type":"page","link":"https:\/\/pietrosglutenfree.com\/fr\/termes-et-conditions\/","title":{"rendered":"Termes et conditions"},"content":{"rendered":"<div class=\"wpb-content-wrapper\"><p>[vc_row type=\u00a0\u00bbin_grid\u00a0\u00bb text_align=\u00a0\u00bbinherit\u00a0\u00bb el_class=\u00a0\u00bbcontact-title-row\u00a0\u00bb][vc_column][vc_column_text]<\/p>\n<h1>Termes et conditions<\/h1>\n<p>[\/vc_column_text][\/vc_column][\/vc_row][vc_row type=\u00a0\u00bbfull_width\u00a0\u00bb text_align=\u00a0\u00bbinherit\u00a0\u00bb][vc_column][vc_column_text]<strong>En utilisant le site Web de Pietro\u2019s Gluten-Free, vous \u00eates r\u00e9put\u00e9 avoir lu et accept\u00e9 les termes et conditions suivants :<\/strong><\/p>\n<p>Cette terminologie s\u2019applique aux pr\u00e9sentes Conditions G\u00e9n\u00e9rales et \u00e0 l\u2019Avis de Non-responsabilit\u00e9. \u00ab Client \u00bb, \u00ab Vous \u00bb et \u00ab Votre \u00bb d\u00e9signent la personne acc\u00e9dant \u00e0 ce site et acceptant les conditions g\u00e9n\u00e9rales de Pietro\u2019s Gluten-Free. \u00ab L&rsquo;Entreprise \u00bb, \u00ab Nous \u00bb, et \u00ab Nos \u00bb se r\u00e9f\u00e8rent \u00e0 Pietro\u2019s Gluten-Free. Toutes les conditions se r\u00e9f\u00e8rent \u00e0 l&rsquo;offre, l&rsquo;acceptation et la contrepartie de paiement n\u00e9cessaires pour entreprendre notre processus d\u2019assistance au Client de la mani\u00e8re la plus appropri\u00e9e, en respectant la loi en vigueur.<\/p>\n<p>Clause de non-responsabilit\u00e9<\/p>\n<p><strong>Exclusions et limitations<\/strong><br \/>\nLes informations sur ce site sont fournies \u00ab telles quelles \u00bb. Dans la mesure maximale permise par la loi, Pietro\u2019s Gluten-Free :<\/p>\n<p>Exclut toutes les repr\u00e9sentations et garanties relatives \u00e0 ce site et \u00e0 son contenu, ou fournies par des tiers, y compris les inexactitudes ou omissions ;<br \/>\nExclut toute responsabilit\u00e9 pour les dommages d\u00e9coulant de l&rsquo;utilisation de ce site, y compris, mais sans s&rsquo;y limiter, la perte directe, la perte de b\u00e9n\u00e9fices, les dommages caus\u00e9s \u00e0 votre ordinateur et ses donn\u00e9es. Cependant, Pietro\u2019s Gluten-Free n&rsquo;exclut pas la responsabilit\u00e9 pour d\u00e9c\u00e8s ou blessures caus\u00e9s par sa n\u00e9gligence. Ces exclusions et limitations s&rsquo;appliquent uniquement dans la mesure permise par la loi. Vos droits statutaires en tant que consommateur ne sont pas affect\u00e9s.<\/p>\n<p><strong>Disponibilit\u00e9<\/strong><br \/>\nSauf indication contraire, les services de ce site sont disponibles uniquement au Canada. Vous \u00eates seul responsable de l&rsquo;\u00e9valuation de l&rsquo;ad\u00e9quation des t\u00e9l\u00e9chargements, programmes et textes disponibles sur ce site. Toute redistribution ou republication de ce site ou de son contenu est interdite sans notre consentement \u00e9crit pr\u00e9alable.<\/p>\n<p><strong>Fichiers journaux<\/strong><br \/>\nNous utilisons les adresses IP pour analyser les tendances et administrer le site. Ces informations ne sont pas partag\u00e9es avec des tiers.<\/p>\n<p><strong>Cookies<\/strong><br \/>\nNotre site utilise des cookies pour am\u00e9liorer la fonctionnalit\u00e9 et la facilit\u00e9 d&rsquo;utilisation. Certains de nos partenaires affili\u00e9s peuvent \u00e9galement utiliser des cookies.<\/p>\n<p><strong>Liens vers ce site<\/strong><br \/>\nVous ne pouvez pas cr\u00e9er de lien vers ce site sans notre consentement \u00e9crit pr\u00e9alable.<\/p>\n<p><strong>Liens depuis ce site<\/strong><br \/>\nNous ne surveillons pas le contenu des sites li\u00e9s \u00e0 partir de ce site. Nous ne sommes pas responsables des pratiques de confidentialit\u00e9 ou du contenu de ces sites.<\/p>\n<p><strong>Avis de droit d&rsquo;auteur<\/strong><br \/>\nLe droit d&rsquo;auteur et autres droits de propri\u00e9t\u00e9 intellectuelle existent sur tous les textes relatifs aux services de l&rsquo;entreprise et au contenu complet de ce site.<\/p>\n<p><strong>Force Majeure<\/strong><br \/>\nAucune des parties ne sera responsable de tout manquement \u00e0 ses obligations en raison d&rsquo;\u00e9v\u00e9nements \u00e9chappant \u00e0 son contr\u00f4le.<\/p>\n<p><strong>Renonciation<\/strong><br \/>\nL&rsquo;\u00e9chec d&rsquo;une des parties \u00e0 insister sur l&rsquo;ex\u00e9cution stricte de toute disposition ne constitue pas une renonciation.<\/p>\n<p><strong>G\u00e9n\u00e9ral<\/strong><br \/>\nLes lois de l&rsquo;Ontario, Canada, r\u00e9gissent ces termes et conditions. En acc\u00e9dant \u00e0 ce site, vous consentez \u00e0 ces termes et conditions et \u00e0 la juridiction exclusive des tribunaux de l&rsquo;Ontario pour tous les litiges. Si une partie de ces termes est jug\u00e9e invalide, les termes restants continueront de s&rsquo;appliquer.<\/p>\n<p><strong>Notification de changements<\/strong><br \/>\nNous nous r\u00e9servons le droit de modifier ces conditions \u00e0 tout moment. Toute modification sera annonc\u00e9e sur notre page d&rsquo;accueil. Vous \u00eates invit\u00e9 \u00e0 relire cette d\u00e9claration r\u00e9guli\u00e8rement.<\/p>\n<p>Ces termes et conditions font partie de l&rsquo;accord entre le Client et nous-m\u00eames. En acc\u00e9dant \u00e0 ce site, vous indiquez votre compr\u00e9hension et votre acceptation de cet Avis de non-responsabilit\u00e9 et des Termes et Conditions. Vos droits statutaires en tant que consommateur ne sont pas affect\u00e9s.<\/p>\n<p>\u00a9 Pietro\u2019s Gluten-Free 2023 Tous droits r\u00e9serv\u00e9s[\/vc_column_text][\/vc_column][\/vc_row]<\/p>\n<\/div>","protected":false},"excerpt":{"rendered":"<p>[vc_row type=\u00a0\u00bbin_grid\u00a0\u00bb text_align=\u00a0\u00bbinherit\u00a0\u00bb el_class=\u00a0\u00bbcontact-title-row\u00a0\u00bb][vc_column][vc_column_text] Termes et conditions [\/vc_column_text][\/vc_column][\/vc_row][vc_row type=\u00a0\u00bbfull_width\u00a0\u00bb text_align=\u00a0\u00bbinherit\u00a0\u00bb][vc_column][vc_column_text]En utilisant le site Web de Pietro\u2019s Gluten-Free, vous \u00eates r\u00e9put\u00e9 avoir lu et accept\u00e9 les termes et conditions suivants : Cette terminologie s\u2019applique aux pr\u00e9sentes Conditions G\u00e9n\u00e9rales et \u00e0 l\u2019Avis de Non-responsabilit\u00e9. \u00ab Client \u00bb, \u00ab Vous \u00bb et \u00ab Votre \u00bb d\u00e9signent la personne [&hellip;]<\/p>\n","protected":false},"author":1,"featured_media":0,"parent":0,"menu_order":0,"comment_status":"closed","ping_status":"closed","template":"","meta":{"_acf_changed":false,"_seopress_robots_primary_cat":"0","_seopress_titles_title":"Termes et Conditions | Pietro&#039;s P\u00e2tes Fra\u00eeches Sans Gluten","_seopress_titles_desc":"Consultez les termes et conditions de Pietro&#039;s Gluten-Free pour l&#039;utilisation du site, les droits et responsabilit\u00e9s, et la politique de confidentialit\u00e9.","_seopress_robots_index":"","footnotes":""},"class_list":["post-546","page","type-page","status-publish","hentry"],"acf":[],"_links":{"self":[{"href":"https:\/\/pietrosglutenfree.com\/fr\/wp-json\/wp\/v2\/pages\/546","targetHints":{"allow":["GET"]}}],"collection":[{"href":"https:\/\/pietrosglutenfree.com\/fr\/wp-json\/wp\/v2\/pages"}],"about":[{"href":"https:\/\/pietrosglutenfree.com\/fr\/wp-json\/wp\/v2\/types\/page"}],"author":[{"embeddable":true,"href":"https:\/\/pietrosglutenfree.com\/fr\/wp-json\/wp\/v2\/users\/1"}],"replies":[{"embeddable":true,"href":"https:\/\/pietrosglutenfree.com\/fr\/wp-json\/wp\/v2\/comments?post=546"}],"version-history":[{"count":6,"href":"https:\/\/pietrosglutenfree.com\/fr\/wp-json\/wp\/v2\/pages\/546\/revisions"}],"predecessor-version":[{"id":875,"href":"https:\/\/pietrosglutenfree.com\/fr\/wp-json\/wp\/v2\/pages\/546\/revisions\/875"}],"wp:attachment":[{"href":"https:\/\/pietrosglutenfree.com\/fr\/wp-json\/wp\/v2\/media?parent=546"}],"curies":[{"name":"wp","href":"https:\/\/api.w.org\/{rel}","templated":true}]}}