{"id":554,"date":"2019-12-12T15:05:31","date_gmt":"2019-12-12T20:05:31","guid":{"rendered":"http:\/\/pietrosglutenfree.com\/?page_id=554"},"modified":"2020-02-14T15:00:51","modified_gmt":"2020-02-14T20:00:51","slug":"facturation-et-paiements","status":"publish","type":"page","link":"https:\/\/pietrosglutenfree.com\/fr\/facturation-et-paiements\/","title":{"rendered":"Facturation et paiements"},"content":{"rendered":"<p>Nous acceptons Visa, Mastercard, American Express et PayPal.<\/p>\n","protected":false},"excerpt":{"rendered":"<p>Nous acceptons Visa, Mastercard, American Express et PayPal.<\/p>\n","protected":false},"author":1,"featured_media":0,"parent":0,"menu_order":0,"comment_status":"closed","ping_status":"closed","template":"","meta":{"_acf_changed":false,"_seopress_robots_primary_cat":"0","_seopress_titles_title":"Facturation et Paiements | Pietro&#039;s P\u00e2tes Fra\u00eeches Sans Gluten","_seopress_titles_desc":"P\u00e2tes fra\u00eeches \u00e0 saveurs traditionnelles de l&#039;Italie avec une touche sans gluten moderne, livr\u00e9es directement \u00e0 votre porte. Commandez vos p\u00e2tes en ligne!","_seopress_robots_index":"","footnotes":""},"class_list":["post-554","page","type-page","status-publish","hentry"],"acf":[],"_links":{"self":[{"href":"https:\/\/pietrosglutenfree.com\/fr\/wp-json\/wp\/v2\/pages\/554","targetHints":{"allow":["GET"]}}],"collection":[{"href":"https:\/\/pietrosglutenfree.com\/fr\/wp-json\/wp\/v2\/pages"}],"about":[{"href":"https:\/\/pietrosglutenfree.com\/fr\/wp-json\/wp\/v2\/types\/page"}],"author":[{"embeddable":true,"href":"https:\/\/pietrosglutenfree.com\/fr\/wp-json\/wp\/v2\/users\/1"}],"replies":[{"embeddable":true,"href":"https:\/\/pietrosglutenfree.com\/fr\/wp-json\/wp\/v2\/comments?post=554"}],"version-history":[{"count":3,"href":"https:\/\/pietrosglutenfree.com\/fr\/wp-json\/wp\/v2\/pages\/554\/revisions"}],"predecessor-version":[{"id":590,"href":"https:\/\/pietrosglutenfree.com\/fr\/wp-json\/wp\/v2\/pages\/554\/revisions\/590"}],"wp:attachment":[{"href":"https:\/\/pietrosglutenfree.com\/fr\/wp-json\/wp\/v2\/media?parent=554"}],"curies":[{"name":"wp","href":"https:\/\/api.w.org\/{rel}","templated":true}]}}