{"id":558,"date":"2019-12-12T15:06:13","date_gmt":"2019-12-12T20:06:13","guid":{"rendered":"http:\/\/pietrosglutenfree.com\/?page_id=558"},"modified":"2020-02-14T15:07:36","modified_gmt":"2020-02-14T20:07:36","slug":"expedition-et-livraison","status":"publish","type":"page","link":"https:\/\/pietrosglutenfree.com\/fr\/expedition-et-livraison\/","title":{"rendered":"Exp\u00e9dition et livraison"},"content":{"rendered":"","protected":false},"excerpt":{"rendered":"","protected":false},"author":1,"featured_media":0,"parent":0,"menu_order":0,"comment_status":"closed","ping_status":"closed","template":"","meta":{"_acf_changed":false,"_seopress_robots_primary_cat":"0","_seopress_titles_title":"Exp\u00e9dition et livraison | Pietro&#039;s P\u00e2tes Fra\u00eeches Sans Gluten","_seopress_titles_desc":"P\u00e2tes fra\u00eeches \u00e0 saveurs traditionnelles de l&#039;Italie avec une touche sans gluten moderne, livr\u00e9es directement \u00e0 votre porte. Commandez vos p\u00e2tes en ligne!","_seopress_robots_index":"","footnotes":""},"class_list":["post-558","page","type-page","status-publish","hentry"],"acf":[],"_links":{"self":[{"href":"https:\/\/pietrosglutenfree.com\/fr\/wp-json\/wp\/v2\/pages\/558","targetHints":{"allow":["GET"]}}],"collection":[{"href":"https:\/\/pietrosglutenfree.com\/fr\/wp-json\/wp\/v2\/pages"}],"about":[{"href":"https:\/\/pietrosglutenfree.com\/fr\/wp-json\/wp\/v2\/types\/page"}],"author":[{"embeddable":true,"href":"https:\/\/pietrosglutenfree.com\/fr\/wp-json\/wp\/v2\/users\/1"}],"replies":[{"embeddable":true,"href":"https:\/\/pietrosglutenfree.com\/fr\/wp-json\/wp\/v2\/comments?post=558"}],"version-history":[{"count":1,"href":"https:\/\/pietrosglutenfree.com\/fr\/wp-json\/wp\/v2\/pages\/558\/revisions"}],"predecessor-version":[{"id":559,"href":"https:\/\/pietrosglutenfree.com\/fr\/wp-json\/wp\/v2\/pages\/558\/revisions\/559"}],"wp:attachment":[{"href":"https:\/\/pietrosglutenfree.com\/fr\/wp-json\/wp\/v2\/media?parent=558"}],"curies":[{"name":"wp","href":"https:\/\/api.w.org\/{rel}","templated":true}]}}