{"id":513,"date":"2019-11-20T16:28:27","date_gmt":"2019-12-12T16:36:00","guid":{"rendered":"http:\/\/pietrosglutenfree.com\/?post_type=product&#038;p=513"},"modified":"2024-05-28T22:49:57","modified_gmt":"2024-05-29T02:49:57","slug":"fettuccine","status":"publish","type":"product","link":"https:\/\/pietrosglutenfree.com\/fr\/pasta\/fettuccine\/","title":{"rendered":"Fettuccine sans gluten"},"content":{"rendered":"<div class=\"wpb-content-wrapper\"><p>[vc_row type=\u00a0\u00bbin_grid\u00a0\u00bb text_align=\u00a0\u00bbinherit\u00a0\u00bb el_class=\u00a0\u00bbproduct-top\u00a0\u00bb][vc_column width=\u00a0\u00bb1\/2&Prime;][vc_column_text]<\/p>\n<h2>Toujours pr\u00e9par\u00e9 frais, dans un environnement d\u00e9di\u00e9 sans gluten.<\/h2>\n<p>Nos fettuccines sont fabriqu\u00e9s de mani\u00e8re authentique avec des \u0153ufs entiers frais et de la farine sans gluten de qualit\u00e9 sup\u00e9rieure.<\/p>\n<p>Ces p\u00e2tes fra\u00eeches sans gluten n&rsquo;attendent plus que d&rsquo;\u00eatre napp\u00e9es de votre sauce pr\u00e9f\u00e9r\u00e9e et servies \u00e0 toute la famille.[\/vc_column_text][\/vc_column][\/vc_row][vc_row type=\u00a0\u00bbin_grid\u00a0\u00bb text_align=\u00a0\u00bbinherit\u00a0\u00bb][vc_column width=\u00a0\u00bb1\/2&Prime; el_class=\u00a0\u00bbvc_col-sm-push-6&Prime;][vc_column_text]<\/p>\n<h2>Fabriqu\u00e9 avec des ingr\u00e9dients frais et naturels.<\/h2>\n<p>Naturellement sans gluten et sans bl\u00e9. Les fettuccines sans gluten de Pietro sont fabriqu\u00e9s avec de l&rsquo;eau, des \u0153ufs, du sel, de l&rsquo;amidon de ma\u00efs, de l&rsquo;amidon de pomme de terre et de la farine de riz.[\/vc_column_text][\/vc_column][vc_column width=\u00a0\u00bb1\/2&Prime; el_class=\u00a0\u00bbvc_col-sm-pull-6&Prime;][vc_single_image image=\u00a0\u00bb93&Prime; img_size=\u00a0\u00bbfull\u00a0\u00bb alignment=\u00a0\u00bbcenter\u00a0\u00bb][\/vc_column][\/vc_row][vc_row type=\u00a0\u00bbin_grid\u00a0\u00bb text_align=\u00a0\u00bbinherit\u00a0\u00bb][vc_column width=\u00a0\u00bb1\/2&Prime;][vc_column_text]<\/p>\n<h2>Ces p\u00e2tes sont parfaites pour&#8230;<\/h2>\n<p>Les fettuccines sont une p\u00e2te italienne traditionnelle appr\u00e9ci\u00e9e dans le monde entier. Elles sont faciles \u00e0 pr\u00e9parer et offrent un go\u00fbt riche et une texture exceptionnelle. Parfaites pour les sauces tomates, accompagn\u00e9es de l\u00e9gumes frais ou grill\u00e9s, ou en accompagnement de poisson ![\/vc_column_text][\/vc_column][vc_column width=\u00a0\u00bb1\/2&Prime;][vc_single_image image=\u00a0\u00bb91&Prime; img_size=\u00a0\u00bbfull\u00a0\u00bb alignment=\u00a0\u00bbcenter\u00a0\u00bb][\/vc_column][\/vc_row][vc_row type=\u00a0\u00bbin_grid\u00a0\u00bb text_align=\u00a0\u00bbinherit\u00a0\u00bb][vc_column width=\u00a0\u00bb1\/3&Prime;][vc_column_text]<\/p>\n<h2>Avantages<\/h2>\n<p>Un go\u00fbt et une texture de p\u00e2tes classiques exceptionnels<\/p>\n<p>Fabriqu\u00e9 frais dans une installation d\u00e9di\u00e9e sans gluten<\/p>\n<p>Parfait pour toute la famille<\/p>\n<p>Fabriqu\u00e9 avec des ingr\u00e9dients non-OGM<\/p>\n<h2>Cuisson<\/h2>\n<p>1) Placer les p\u00e2tes dans l&rsquo;eau bouillante<br \/>\n2) Saler l&rsquo;eau selon votre go\u00fbt<br \/>\n3) Faire bouillir pendant 2-3 minutes<br \/>\n4) Retirer soigneusement les p\u00e2tes de l&rsquo;eau bouillante avec une \u00e9cumoire <img loading=\"lazy\" decoding=\"async\" class=\"alignnone size-full wp-image-182\" src=\"http:\/\/pietrosglutenfree.com\/wp-content\/uploads\/2019\/11\/enjoy.png\" alt=\"\" width=\"153\" height=\"96\" \/>[\/vc_column_text][\/vc_column][vc_column width=\u00a0\u00bb1\/3&Prime;]<div class=\"dist-shortcode-container wpb_content_element\">\t<div class=\"pasta-page-form\">\n\t\t\t\t<div class=\"pasta-page-form-thumb\">\n\t\t\t<img loading=\"lazy\" decoding=\"async\" width=\"399\" height=\"504\" src=\"https:\/\/pietrosglutenfree.com\/wp-content\/uploads\/2019\/11\/fettuccine-thumb.png\" class=\"attachment-full size-full\" alt=\"\" srcset=\"https:\/\/pietrosglutenfree.com\/wp-content\/uploads\/2019\/11\/fettuccine-thumb.png 399w, https:\/\/pietrosglutenfree.com\/wp-content\/uploads\/2019\/11\/fettuccine-thumb-238x300.png 238w\" sizes=\"auto, (max-width: 399px) 100vw, 399px\" \/>\t\t<\/div>\n\t\t\t\t\t<\/div>\n\t<\/div>[\/vc_column][vc_column width=\u00a0\u00bb1\/3&Prime;][vc_single_image image=\u00a0\u00bb218&Prime; img_size=\u00a0\u00bbfull\u00a0\u00bb alignment=\u00a0\u00bbright\u00a0\u00bb][\/vc_column][\/vc_row]<\/p>\n<\/div>","protected":false},"excerpt":{"rendered":"<p>Longues p\u00e2tes en forme de ruban mieux servis al dente avec une sauce cr\u00e9meuse et votre prot\u00e9ine pr\u00e9f\u00e9r\u00e9e.<\/p>\n","protected":false},"featured_media":98,"template":"","meta":{"_acf_changed":false,"_seopress_robots_primary_cat":"0","_seopress_titles_title":"Fettuccine sans gluten - Pietro&#039;s Pasta","_seopress_titles_desc":"D\u00e9couvrez les fettuccine sans gluten de Pietro&#039;s, faits avec des ingr\u00e9dients frais et naturels, parfaits pour des plats italiens classiques et savoureux.","_seopress_robots_index":""},"product_brand":[],"product_cat":[29],"product_tag":[],"class_list":{"0":"post-513","1":"product","2":"type-product","3":"status-publish","4":"has-post-thumbnail","6":"product_cat-pates-courtes","8":"first","9":"instock","10":"taxable","11":"shipping-taxable","12":"purchasable","13":"product-type-simple"},"acf":[],"_links":{"self":[{"href":"https:\/\/pietrosglutenfree.com\/fr\/wp-json\/wp\/v2\/product\/513","targetHints":{"allow":["GET"]}}],"collection":[{"href":"https:\/\/pietrosglutenfree.com\/fr\/wp-json\/wp\/v2\/product"}],"about":[{"href":"https:\/\/pietrosglutenfree.com\/fr\/wp-json\/wp\/v2\/types\/product"}],"wp:featuredmedia":[{"embeddable":true,"href":"https:\/\/pietrosglutenfree.com\/fr\/wp-json\/wp\/v2\/media\/98"}],"wp:attachment":[{"href":"https:\/\/pietrosglutenfree.com\/fr\/wp-json\/wp\/v2\/media?parent=513"}],"wp:term":[{"taxonomy":"product_brand","embeddable":true,"href":"https:\/\/pietrosglutenfree.com\/fr\/wp-json\/wp\/v2\/product_brand?post=513"},{"taxonomy":"product_cat","embeddable":true,"href":"https:\/\/pietrosglutenfree.com\/fr\/wp-json\/wp\/v2\/product_cat?post=513"},{"taxonomy":"product_tag","embeddable":true,"href":"https:\/\/pietrosglutenfree.com\/fr\/wp-json\/wp\/v2\/product_tag?post=513"}],"curies":[{"name":"wp","href":"https:\/\/api.w.org\/{rel}","templated":true}]}}