{"id":684,"date":"2021-07-14T11:07:28","date_gmt":"2021-07-14T15:07:28","guid":{"rendered":"https:\/\/pietrosglutenfree.com\/pasta\/gluten-free-mushroom-ricotta-ravioli\/"},"modified":"2024-05-28T22:46:32","modified_gmt":"2024-05-29T02:46:32","slug":"ravioli-champignons-et-ricotta-sans-gluten","status":"publish","type":"product","link":"https:\/\/pietrosglutenfree.com\/fr\/pasta\/ravioli-champignons-et-ricotta-sans-gluten\/","title":{"rendered":"Ravioli aux champignons et ricotta sans gluten"},"content":{"rendered":"<div class=\"wpb-content-wrapper\"><p>[vc_row type=\u00a0\u00bbin_grid\u00a0\u00bb text_align=\u00a0\u00bbinherit\u00a0\u00bb el_class=\u00a0\u00bbproduct-top\u00a0\u00bb][vc_column width=\u00a0\u00bb1\/2&Prime;][vc_column_text]<\/p>\n<h2>Toujours fra\u00eeches, dans un environnement sans gluten d\u00e9di\u00e9.<\/h2>\n<p>De d\u00e9licieux raviolis farcis d&rsquo;une savoureuse garniture de champignons et de ricotta.<\/p>\n<p>Ces p\u00e2tes fra\u00eeches sans gluten n&rsquo;attendent plus que votre sauce pr\u00e9f\u00e9r\u00e9e pour \u00eatre servies \u00e0 toute la famille.[\/vc_column_text][\/vc_column][\/vc_row][vc_row type=\u00a0\u00bbin_grid\u00a0\u00bb text_align=\u00a0\u00bbinherit\u00a0\u00bb][vc_column width=\u00a0\u00bb1\/2&Prime; el_class=\u00a0\u00bbvc_col-sm-push-6&Prime;][vc_column_text]<\/p>\n<h2>Fabriqu\u00e9 avec des ingr\u00e9dients frais et naturels.<\/h2>\n<p>Naturellement sans gluten. Les raviolis sans gluten aux champignons et \u00e0 la ricotta de Pietro\u2019s sont faits avec de l&rsquo;eau, des \u0153ufs, du sel, de l&rsquo;amidon de ma\u00efs, de l&rsquo;amidon de pomme de terre, de la farine de riz et du fromage ricotta (lait pasteuris\u00e9, ingr\u00e9dients laitiers modifi\u00e9s, sel, acide lactique, sorbate de potassium, carbonate de sodium, hydroxyde de sodium).[\/vc_column_text][\/vc_column][vc_column width=\u00a0\u00bb1\/2&Prime; el_class=\u00a0\u00bbvc_col-sm-pull-6&Prime;][vc_single_image image=\u00a0\u00bb677&Prime; img_size=\u00a0\u00bbfull\u00a0\u00bb alignment=\u00a0\u00bbcenter\u00a0\u00bb][\/vc_column][\/vc_row][vc_row type=\u00a0\u00bbin_grid\u00a0\u00bb text_align=\u00a0\u00bbinherit\u00a0\u00bb][vc_column width=\u00a0\u00bb1\/2&Prime;][vc_column_text]<\/p>\n<h2>Ces p\u00e2tes sont parfaites pour&#8230;<\/h2>\n<p>Nos raviolis aux champignons et \u00e0 la ricotta sont id\u00e9aux pour un repas rapide en rentrant du travail ou pour un d\u00eener romantique \u00e0 deux. Garnissez-les d&rsquo;une sauce cr\u00e9meuse aux champignons, \u00e0 l&rsquo;ail et au fromage, et accompagnez-les de votre vin rouge pr\u00e9f\u00e9r\u00e9 pour un d\u00eener d\u00e9licieux et facile.[\/vc_column_text][\/vc_column][vc_column width=\u00a0\u00bb1\/2&Prime;][vc_single_image image=\u00a0\u00bb675&Prime; img_size=\u00a0\u00bbfull\u00a0\u00bb alignment=\u00a0\u00bbcenter\u00a0\u00bb][\/vc_column][\/vc_row][vc_row type=\u00a0\u00bbin_grid\u00a0\u00bb text_align=\u00a0\u00bbinherit\u00a0\u00bb][vc_column width=\u00a0\u00bb1\/3&Prime;][vc_column_text]<\/p>\n<h2>Avantages<\/h2>\n<p>Excellent go\u00fbt et texture classiques de p\u00e2tes<\/p>\n<p>Fabriqu\u00e9 frais dans une installation d\u00e9di\u00e9e sans gluten<\/p>\n<p>Parfait pour toute la famille<\/p>\n<p>Ingr\u00e9dients non-OGM<\/p>\n<h2>Cuisson<\/h2>\n<p>1) Placer les p\u00e2tes dans l&rsquo;eau bouillante<br \/>\n2) Saler l&rsquo;eau selon le go\u00fbt<br \/>\n3) Bouillir 2-3 minutes<br \/>\n4) Retirer d\u00e9licatement avec une \u00e9cumoire<\/p>\n<p><img loading=\"lazy\" decoding=\"async\" class=\"alignnone size-full wp-image-182\" src=\"http:\/\/pietrosglutenfree.com\/wp-content\/uploads\/2019\/11\/enjoy.png\" alt=\"\" width=\"153\" height=\"96\" \/>[\/vc_column_text][\/vc_column][vc_column width=\u00a0\u00bb1\/3&Prime;]<div class=\"dist-shortcode-container wpb_content_element\">\t<div class=\"pasta-page-form\">\n\t\t\t\t<div class=\"pasta-page-form-thumb\">\n\t\t\t<img loading=\"lazy\" decoding=\"async\" width=\"393\" height=\"505\" src=\"https:\/\/pietrosglutenfree.com\/wp-content\/uploads\/2021\/07\/pietros-mushroom-ricotta-packaging.png\" class=\"attachment-full size-full\" alt=\"\" srcset=\"https:\/\/pietrosglutenfree.com\/wp-content\/uploads\/2021\/07\/pietros-mushroom-ricotta-packaging.png 393w, https:\/\/pietrosglutenfree.com\/wp-content\/uploads\/2021\/07\/pietros-mushroom-ricotta-packaging-233x300.png 233w\" sizes=\"auto, (max-width: 393px) 100vw, 393px\" \/>\t\t<\/div>\n\t\t\t\t\t<\/div>\n\t<\/div>[\/vc_column][vc_column width=\u00a0\u00bb1\/3&Prime;][vc_single_image image=\u00a0\u00bb686&Prime; img_size=\u00a0\u00bbfull\u00a0\u00bb alignment=\u00a0\u00bbright\u00a0\u00bb][\/vc_column][\/vc_row]<\/p>\n<\/div>","protected":false},"excerpt":{"rendered":"<p>P\u00e2tes carr\u00e9es farcies aux champignons et \u00e0 la ricotta, pr\u00eates \u00e0 \u00eatre garnies de sauce, de beurre ou d&rsquo;huile.<\/p>\n","protected":false},"featured_media":844,"template":"","meta":{"_acf_changed":false,"_seopress_robots_primary_cat":"0","_seopress_titles_title":"Ravioli aux champignons et ricotta | Pietro&#039;s Pasta","_seopress_titles_desc":"Savourez les raviolis sans gluten aux champignons et ricotta de Pietro&#039;s, faits avec des ingr\u00e9dients frais et naturels, parfaits pour des repas rapides.","_seopress_robots_index":""},"product_brand":[],"product_cat":[30],"product_tag":[],"class_list":{"0":"post-684","1":"product","2":"type-product","3":"status-publish","4":"has-post-thumbnail","6":"product_cat-pates-farcies","8":"first","9":"instock","10":"taxable","11":"shipping-taxable","12":"purchasable","13":"product-type-simple"},"acf":[],"_links":{"self":[{"href":"https:\/\/pietrosglutenfree.com\/fr\/wp-json\/wp\/v2\/product\/684","targetHints":{"allow":["GET"]}}],"collection":[{"href":"https:\/\/pietrosglutenfree.com\/fr\/wp-json\/wp\/v2\/product"}],"about":[{"href":"https:\/\/pietrosglutenfree.com\/fr\/wp-json\/wp\/v2\/types\/product"}],"wp:featuredmedia":[{"embeddable":true,"href":"https:\/\/pietrosglutenfree.com\/fr\/wp-json\/wp\/v2\/media\/844"}],"wp:attachment":[{"href":"https:\/\/pietrosglutenfree.com\/fr\/wp-json\/wp\/v2\/media?parent=684"}],"wp:term":[{"taxonomy":"product_brand","embeddable":true,"href":"https:\/\/pietrosglutenfree.com\/fr\/wp-json\/wp\/v2\/product_brand?post=684"},{"taxonomy":"product_cat","embeddable":true,"href":"https:\/\/pietrosglutenfree.com\/fr\/wp-json\/wp\/v2\/product_cat?post=684"},{"taxonomy":"product_tag","embeddable":true,"href":"https:\/\/pietrosglutenfree.com\/fr\/wp-json\/wp\/v2\/product_tag?post=684"}],"curies":[{"name":"wp","href":"https:\/\/api.w.org\/{rel}","templated":true}]}}